{"id":403,"date":"2021-12-05T18:27:33","date_gmt":"2021-12-05T17:27:33","guid":{"rendered":"https:\/\/muranoassurances.fr\/?page_id=403"},"modified":"2024-02-01T15:35:41","modified_gmt":"2024-02-01T14:35:41","slug":"assistance-voyage","status":"publish","type":"page","link":"https:\/\/muranoassurances.fr\/index.php\/particuliers\/assistance-voyage\/","title":{"rendered":"Assurance voyage"},"content":{"rendered":"\t\t<div data-elementor-type=\"wp-page\" data-elementor-id=\"403\" class=\"elementor elementor-403\">\n\t\t\t\t\t\t<section class=\"elementor-section elementor-top-section elementor-element elementor-element-fd8aaf2 elementor-section-height-full elementor-section-boxed elementor-section-height-default elementor-section-items-middle\" data-id=\"fd8aaf2\" data-element_type=\"section\" data-e-type=\"section\" data-settings=\"{&quot;background_background&quot;:&quot;classic&quot;}\">\n\t\t\t\t\t\t\t<div class=\"elementor-background-overlay\"><\/div>\n\t\t\t\t\t\t\t<div class=\"elementor-container elementor-column-gap-default\">\n\t\t\t\t\t<div class=\"elementor-column elementor-col-100 elementor-top-column elementor-element elementor-element-dd7ea9b\" data-id=\"dd7ea9b\" data-element_type=\"column\" data-e-type=\"column\">\n\t\t\t<div class=\"elementor-widget-wrap elementor-element-populated\">\n\t\t\t\t\t\t<div class=\"elementor-element elementor-element-9bd5e77 elementor-widget elementor-widget-heading\" data-id=\"9bd5e77\" data-element_type=\"widget\" data-e-type=\"widget\" data-widget_type=\"heading.default\">\n\t\t\t\t<div class=\"elementor-widget-container\">\n\t\t\t\t\t<h2 class=\"elementor-heading-title elementor-size-default\">Assurance Expatri\u00e9s<\/h2>\t\t\t\t<\/div>\n\t\t\t\t<\/div>\n\t\t\t\t<div class=\"elementor-element elementor-element-33134a3 elementor-widget elementor-widget-heading\" data-id=\"33134a3\" data-element_type=\"widget\" data-e-type=\"widget\" data-widget_type=\"heading.default\">\n\t\t\t\t<div class=\"elementor-widget-container\">\n\t\t\t\t\t<h5 class=\"elementor-heading-title elementor-size-default\">L'essentiel de votre voyage, partez l'esprit tranquille !<\/h5>\t\t\t\t<\/div>\n\t\t\t\t<\/div>\n\t\t\t\t<section class=\"elementor-section elementor-inner-section elementor-element elementor-element-ac4c2f9 elementor-section-boxed elementor-section-height-default elementor-section-height-default\" data-id=\"ac4c2f9\" data-element_type=\"section\" data-e-type=\"section\">\n\t\t\t\t\t\t<div class=\"elementor-container elementor-column-gap-default\">\n\t\t\t\t\t<div class=\"elementor-column elementor-col-50 elementor-inner-column elementor-element elementor-element-48c3b2f\" data-id=\"48c3b2f\" data-element_type=\"column\" data-e-type=\"column\" data-settings=\"{&quot;background_background&quot;:&quot;classic&quot;}\">\n\t\t\t<div class=\"elementor-widget-wrap elementor-element-populated\">\n\t\t\t\t\t\t<div class=\"elementor-element elementor-element-6b10511 elementor-widget elementor-widget-heading\" data-id=\"6b10511\" data-element_type=\"widget\" data-e-type=\"widget\" data-widget_type=\"heading.default\">\n\t\t\t\t<div class=\"elementor-widget-container\">\n\t\t\t\t\t<h2 class=\"elementor-heading-title elementor-size-default\">Estimation express<\/h2>\t\t\t\t<\/div>\n\t\t\t\t<\/div>\n\t\t\t\t<div class=\"elementor-element elementor-element-8513634 elementor-widget elementor-widget-text-editor\" data-id=\"8513634\" data-element_type=\"widget\" data-e-type=\"widget\" data-widget_type=\"text-editor.default\">\n\t\t\t\t<div class=\"elementor-widget-container\">\n\t\t\t\t\t\t\t\t\t<div dir=\"ltr\"><b>+ Transports et rapatriement en cas de maladie ou accident grave \u00e0 l\u2019\u00e9tranger<\/b><\/div><div dir=\"ltr\"><b style=\"color: var( --e-global-color-f6edfca ); font-family: var( --e-global-typography-bd03a21-font-family ), Sans-serif; font-size: var( --e-global-typography-bd03a21-font-size ); letter-spacing: var( --e-global-typography-bd03a21-letter-spacing ); word-spacing: var( --e-global-typography-bd03a21-word-spacing ); background-color: var( --e-global-color-8ce325d );\">+\u00a0Tarifs comp\u00e9titifs<\/b><\/div>\t\t\t\t\t\t\t\t<\/div>\n\t\t\t\t<\/div>\n\t\t\t\t<div class=\"elementor-element elementor-element-92429af elementor-align-center elementor-widget elementor-widget-button\" data-id=\"92429af\" data-element_type=\"widget\" data-e-type=\"widget\" data-widget_type=\"button.default\">\n\t\t\t\t<div class=\"elementor-widget-container\">\n\t\t\t\t\t\t\t\t\t<div class=\"elementor-button-wrapper\">\n\t\t\t\t\t<a class=\"elementor-button elementor-button-link elementor-size-xs\" href=\"https:\/\/pro-formulaire.app.lyaprotect.com\/?id=0f7da0c9-18ea-40ff-adb3-0b97ca87297d\">\n\t\t\t\t\t\t<span class=\"elementor-button-content-wrapper\">\n\t\t\t\t\t\t\t\t\t<span class=\"elementor-button-text\">CONTACTEZ-NOUS<\/span>\n\t\t\t\t\t<\/span>\n\t\t\t\t\t<\/a>\n\t\t\t\t<\/div>\n\t\t\t\t\t\t\t\t<\/div>\n\t\t\t\t<\/div>\n\t\t\t\t<div class=\"elementor-element elementor-element-f9627dd elementor-widget elementor-widget-heading\" data-id=\"f9627dd\" data-element_type=\"widget\" data-e-type=\"widget\" data-widget_type=\"heading.default\">\n\t\t\t\t<div class=\"elementor-widget-container\">\n\t\t\t\t\t<p class=\"elementor-heading-title elementor-size-default\">Devis gratuit : 01 55 86 09 14<\/p>\t\t\t\t<\/div>\n\t\t\t\t<\/div>\n\t\t\t\t\t<\/div>\n\t\t<\/div>\n\t\t\t\t<div class=\"elementor-column elementor-col-50 elementor-inner-column elementor-element elementor-element-e3fea1e\" data-id=\"e3fea1e\" data-element_type=\"column\" data-e-type=\"column\">\n\t\t\t<div class=\"elementor-widget-wrap elementor-element-populated\">\n\t\t\t\t\t\t<div class=\"elementor-element elementor-element-5da6265 elementor-widget elementor-widget-text-editor\" data-id=\"5da6265\" data-element_type=\"widget\" data-e-type=\"widget\" data-widget_type=\"text-editor.default\">\n\t\t\t\t<div class=\"elementor-widget-container\">\n\t\t\t\t\t\t\t\t\t<div dir=\"ltr\"><b>Les + assurances Murano :<\/b><\/div><div dir=\"ltr\">&#8211; Souscription <strong>100% en ligne ou en<\/strong> agence avec <strong>signature \u00e9lectronique. <\/strong><\/div><div dir=\"ltr\">&#8211; Un <strong>conseiller \u00e0 votre disposition<\/strong> pour vous guider dans le parcours de souscription.<\/div>\t\t\t\t\t\t\t\t<\/div>\n\t\t\t\t<\/div>\n\t\t\t\t\t<\/div>\n\t\t<\/div>\n\t\t\t\t\t<\/div>\n\t\t<\/section>\n\t\t\t\t\t<\/div>\n\t\t<\/div>\n\t\t\t\t\t<\/div>\n\t\t<\/section>\n\t\t\t\t<\/div>\n\t\t","protected":false},"excerpt":{"rendered":"<p>Assurance Expatri\u00e9s L&#8217;essentiel de votre voyage, partez l&#8217;esprit tranquille ! Estimation express + Transports et rapatriement en cas de maladie ou accident grave \u00e0 l\u2019\u00e9tranger+\u00a0Tarifs comp\u00e9titifs CONTACTEZ-NOUS Devis gratuit : 01 55 86 09 14 Les + assurances Murano :&#8211; Souscription 100% en ligne ou en agence avec signature \u00e9lectronique. &#8211; Un conseiller \u00e0 votre [&hellip;]<\/p>\n","protected":false},"author":2,"featured_media":0,"parent":266,"menu_order":0,"comment_status":"closed","ping_status":"closed","template":"","meta":{"footnotes":""},"class_list":["post-403","page","type-page","status-publish","hentry"],"yoast_head":"<!-- This site is optimized with the Yoast SEO plugin v27.4 - https:\/\/yoast.com\/product\/yoast-seo-wordpress\/ -->\n<title>Assurance voyage - Murano Assurances<\/title>\n<meta name=\"description\" content=\"Chez Murano Assurances voyagez en toute s\u00e9r\u00e9nit\u00e9! Garantie covid19 et rapatriement m\u00e9dicalis\u00e9. contactez-nous devis gratuit !\" \/>\n<meta name=\"robots\" content=\"index, follow, max-snippet:-1, max-image-preview:large, max-video-preview:-1\" \/>\n<link rel=\"canonical\" href=\"https:\/\/muranoassurances.fr\/index.php\/particuliers\/assistance-voyage\/\" \/>\n<meta property=\"og:locale\" content=\"en_US\" \/>\n<meta property=\"og:type\" content=\"article\" \/>\n<meta property=\"og:title\" content=\"Assurance voyage - Murano Assurances\" \/>\n<meta property=\"og:description\" content=\"Chez Murano Assurances voyagez en toute s\u00e9r\u00e9nit\u00e9! Garantie covid19 et rapatriement m\u00e9dicalis\u00e9. contactez-nous devis gratuit !\" \/>\n<meta property=\"og:url\" content=\"https:\/\/muranoassurances.fr\/index.php\/particuliers\/assistance-voyage\/\" \/>\n<meta property=\"og:site_name\" content=\"Murano Assurances\" \/>\n<meta property=\"article:modified_time\" content=\"2024-02-01T14:35:41+00:00\" \/>\n<meta name=\"twitter:card\" content=\"summary_large_image\" \/>\n<meta name=\"twitter:label1\" content=\"Est. reading time\" \/>\n\t<meta name=\"twitter:data1\" content=\"1 minute\" \/>\n<script type=\"application\/ld+json\" class=\"yoast-schema-graph\">{\"@context\":\"https:\\\/\\\/schema.org\",\"@graph\":[{\"@type\":\"WebPage\",\"@id\":\"https:\\\/\\\/muranoassurances.fr\\\/index.php\\\/particuliers\\\/assistance-voyage\\\/\",\"url\":\"https:\\\/\\\/muranoassurances.fr\\\/index.php\\\/particuliers\\\/assistance-voyage\\\/\",\"name\":\"Assurance voyage - Murano Assurances\",\"isPartOf\":{\"@id\":\"https:\\\/\\\/muranoassurances.fr\\\/#website\"},\"datePublished\":\"2021-12-05T17:27:33+00:00\",\"dateModified\":\"2024-02-01T14:35:41+00:00\",\"description\":\"Chez Murano Assurances voyagez en toute s\u00e9r\u00e9nit\u00e9! Garantie covid19 et rapatriement m\u00e9dicalis\u00e9. contactez-nous devis gratuit !\",\"breadcrumb\":{\"@id\":\"https:\\\/\\\/muranoassurances.fr\\\/index.php\\\/particuliers\\\/assistance-voyage\\\/#breadcrumb\"},\"inLanguage\":\"en-US\",\"potentialAction\":[{\"@type\":\"ReadAction\",\"target\":[\"https:\\\/\\\/muranoassurances.fr\\\/index.php\\\/particuliers\\\/assistance-voyage\\\/\"]}]},{\"@type\":\"BreadcrumbList\",\"@id\":\"https:\\\/\\\/muranoassurances.fr\\\/index.php\\\/particuliers\\\/assistance-voyage\\\/#breadcrumb\",\"itemListElement\":[{\"@type\":\"ListItem\",\"position\":1,\"name\":\"Accueil\",\"item\":\"https:\\\/\\\/muranoassurances.fr\\\/\"},{\"@type\":\"ListItem\",\"position\":2,\"name\":\"Nos offres\",\"item\":\"https:\\\/\\\/muranoassurances.fr\\\/\"},{\"@type\":\"ListItem\",\"position\":3,\"name\":\"Assurance voyage\"}]},{\"@type\":\"WebSite\",\"@id\":\"https:\\\/\\\/muranoassurances.fr\\\/#website\",\"url\":\"https:\\\/\\\/muranoassurances.fr\\\/\",\"name\":\"Murano Assurances\",\"description\":\"Courtier en assurance et mutuelle sant\u00e9 | Paris et Ile-de-France\",\"publisher\":{\"@id\":\"https:\\\/\\\/muranoassurances.fr\\\/#organization\"},\"potentialAction\":[{\"@type\":\"SearchAction\",\"target\":{\"@type\":\"EntryPoint\",\"urlTemplate\":\"https:\\\/\\\/muranoassurances.fr\\\/?s={search_term_string}\"},\"query-input\":{\"@type\":\"PropertyValueSpecification\",\"valueRequired\":true,\"valueName\":\"search_term_string\"}}],\"inLanguage\":\"en-US\"},{\"@type\":\"Organization\",\"@id\":\"https:\\\/\\\/muranoassurances.fr\\\/#organization\",\"name\":\"Murano assurances\",\"url\":\"https:\\\/\\\/muranoassurances.fr\\\/\",\"logo\":{\"@type\":\"ImageObject\",\"inLanguage\":\"en-US\",\"@id\":\"https:\\\/\\\/muranoassurances.fr\\\/#\\\/schema\\\/logo\\\/image\\\/\",\"url\":\"https:\\\/\\\/muranoassurances.fr\\\/wp-content\\\/uploads\\\/2021\\\/12\\\/Plan-de-travail-1.png\",\"contentUrl\":\"https:\\\/\\\/muranoassurances.fr\\\/wp-content\\\/uploads\\\/2021\\\/12\\\/Plan-de-travail-1.png\",\"width\":4472,\"height\":476,\"caption\":\"Murano assurances\"},\"image\":{\"@id\":\"https:\\\/\\\/muranoassurances.fr\\\/#\\\/schema\\\/logo\\\/image\\\/\"}}]}<\/script>\n<!-- \/ Yoast SEO plugin. -->","yoast_head_json":{"title":"Assurance voyage - Murano Assurances","description":"Chez Murano Assurances voyagez en toute s\u00e9r\u00e9nit\u00e9! Garantie covid19 et rapatriement m\u00e9dicalis\u00e9. contactez-nous devis gratuit !","robots":{"index":"index","follow":"follow","max-snippet":"max-snippet:-1","max-image-preview":"max-image-preview:large","max-video-preview":"max-video-preview:-1"},"canonical":"https:\/\/muranoassurances.fr\/index.php\/particuliers\/assistance-voyage\/","og_locale":"en_US","og_type":"article","og_title":"Assurance voyage - Murano Assurances","og_description":"Chez Murano Assurances voyagez en toute s\u00e9r\u00e9nit\u00e9! Garantie covid19 et rapatriement m\u00e9dicalis\u00e9. contactez-nous devis gratuit !","og_url":"https:\/\/muranoassurances.fr\/index.php\/particuliers\/assistance-voyage\/","og_site_name":"Murano Assurances","article_modified_time":"2024-02-01T14:35:41+00:00","twitter_card":"summary_large_image","twitter_misc":{"Est. reading time":"1 minute"},"schema":{"@context":"https:\/\/schema.org","@graph":[{"@type":"WebPage","@id":"https:\/\/muranoassurances.fr\/index.php\/particuliers\/assistance-voyage\/","url":"https:\/\/muranoassurances.fr\/index.php\/particuliers\/assistance-voyage\/","name":"Assurance voyage - Murano Assurances","isPartOf":{"@id":"https:\/\/muranoassurances.fr\/#website"},"datePublished":"2021-12-05T17:27:33+00:00","dateModified":"2024-02-01T14:35:41+00:00","description":"Chez Murano Assurances voyagez en toute s\u00e9r\u00e9nit\u00e9! Garantie covid19 et rapatriement m\u00e9dicalis\u00e9. contactez-nous devis gratuit !","breadcrumb":{"@id":"https:\/\/muranoassurances.fr\/index.php\/particuliers\/assistance-voyage\/#breadcrumb"},"inLanguage":"en-US","potentialAction":[{"@type":"ReadAction","target":["https:\/\/muranoassurances.fr\/index.php\/particuliers\/assistance-voyage\/"]}]},{"@type":"BreadcrumbList","@id":"https:\/\/muranoassurances.fr\/index.php\/particuliers\/assistance-voyage\/#breadcrumb","itemListElement":[{"@type":"ListItem","position":1,"name":"Accueil","item":"https:\/\/muranoassurances.fr\/"},{"@type":"ListItem","position":2,"name":"Nos offres","item":"https:\/\/muranoassurances.fr\/"},{"@type":"ListItem","position":3,"name":"Assurance voyage"}]},{"@type":"WebSite","@id":"https:\/\/muranoassurances.fr\/#website","url":"https:\/\/muranoassurances.fr\/","name":"Murano Assurances","description":"Courtier en assurance et mutuelle sant\u00e9 | Paris et Ile-de-France","publisher":{"@id":"https:\/\/muranoassurances.fr\/#organization"},"potentialAction":[{"@type":"SearchAction","target":{"@type":"EntryPoint","urlTemplate":"https:\/\/muranoassurances.fr\/?s={search_term_string}"},"query-input":{"@type":"PropertyValueSpecification","valueRequired":true,"valueName":"search_term_string"}}],"inLanguage":"en-US"},{"@type":"Organization","@id":"https:\/\/muranoassurances.fr\/#organization","name":"Murano assurances","url":"https:\/\/muranoassurances.fr\/","logo":{"@type":"ImageObject","inLanguage":"en-US","@id":"https:\/\/muranoassurances.fr\/#\/schema\/logo\/image\/","url":"https:\/\/muranoassurances.fr\/wp-content\/uploads\/2021\/12\/Plan-de-travail-1.png","contentUrl":"https:\/\/muranoassurances.fr\/wp-content\/uploads\/2021\/12\/Plan-de-travail-1.png","width":4472,"height":476,"caption":"Murano assurances"},"image":{"@id":"https:\/\/muranoassurances.fr\/#\/schema\/logo\/image\/"}}]}},"_links":{"self":[{"href":"https:\/\/muranoassurances.fr\/index.php\/wp-json\/wp\/v2\/pages\/403","targetHints":{"allow":["GET"]}}],"collection":[{"href":"https:\/\/muranoassurances.fr\/index.php\/wp-json\/wp\/v2\/pages"}],"about":[{"href":"https:\/\/muranoassurances.fr\/index.php\/wp-json\/wp\/v2\/types\/page"}],"author":[{"embeddable":true,"href":"https:\/\/muranoassurances.fr\/index.php\/wp-json\/wp\/v2\/users\/2"}],"replies":[{"embeddable":true,"href":"https:\/\/muranoassurances.fr\/index.php\/wp-json\/wp\/v2\/comments?post=403"}],"version-history":[{"count":31,"href":"https:\/\/muranoassurances.fr\/index.php\/wp-json\/wp\/v2\/pages\/403\/revisions"}],"predecessor-version":[{"id":1331,"href":"https:\/\/muranoassurances.fr\/index.php\/wp-json\/wp\/v2\/pages\/403\/revisions\/1331"}],"up":[{"embeddable":true,"href":"https:\/\/muranoassurances.fr\/index.php\/wp-json\/wp\/v2\/pages\/266"}],"wp:attachment":[{"href":"https:\/\/muranoassurances.fr\/index.php\/wp-json\/wp\/v2\/media?parent=403"}],"curies":[{"name":"wp","href":"https:\/\/api.w.org\/{rel}","templated":true}]}}