{"id":272,"date":"2021-12-05T15:20:43","date_gmt":"2021-12-05T14:20:43","guid":{"rendered":"https:\/\/muranoassurances.fr\/?page_id=272"},"modified":"2022-03-12T14:06:14","modified_gmt":"2022-03-12T13:06:14","slug":"pro-mutuelles-sante","status":"publish","type":"page","link":"https:\/\/muranoassurances.fr\/index.php\/professionnels-et-entreprises\/pro-mutuelles-sante\/","title":{"rendered":"Assurance commerces \/ artisans\u200b"},"content":{"rendered":"\t\t<div data-elementor-type=\"wp-page\" data-elementor-id=\"272\" class=\"elementor elementor-272\">\n\t\t\t\t\t\t<section class=\"elementor-section elementor-top-section elementor-element elementor-element-cff252e elementor-section-height-full elementor-section-boxed elementor-section-height-default elementor-section-items-middle\" data-id=\"cff252e\" data-element_type=\"section\" data-e-type=\"section\" data-settings=\"{&quot;background_background&quot;:&quot;classic&quot;}\">\n\t\t\t\t\t\t\t<div class=\"elementor-background-overlay\"><\/div>\n\t\t\t\t\t\t\t<div class=\"elementor-container elementor-column-gap-default\">\n\t\t\t\t\t<div class=\"elementor-column elementor-col-100 elementor-top-column elementor-element elementor-element-778c74b\" data-id=\"778c74b\" data-element_type=\"column\" data-e-type=\"column\">\n\t\t\t<div class=\"elementor-widget-wrap elementor-element-populated\">\n\t\t\t\t\t\t<div class=\"elementor-element elementor-element-ad982a2 elementor-widget elementor-widget-heading\" data-id=\"ad982a2\" data-element_type=\"widget\" data-e-type=\"widget\" data-widget_type=\"heading.default\">\n\t\t\t\t<div class=\"elementor-widget-container\">\n\t\t\t\t\t<h5 class=\"elementor-heading-title elementor-size-default\">PROFESSIONNELS ET ENTREPRISES<\/h5>\t\t\t\t<\/div>\n\t\t\t\t<\/div>\n\t\t\t\t<div class=\"elementor-element elementor-element-6dcdaf6 elementor-widget elementor-widget-heading\" data-id=\"6dcdaf6\" data-element_type=\"widget\" data-e-type=\"widget\" data-widget_type=\"heading.default\">\n\t\t\t\t<div class=\"elementor-widget-container\">\n\t\t\t\t\t<h2 class=\"elementor-heading-title elementor-size-default\">Assurance commerces \/ boutiques<\/h2>\t\t\t\t<\/div>\n\t\t\t\t<\/div>\n\t\t\t\t<div class=\"elementor-element elementor-element-138b7d0 elementor-widget elementor-widget-heading\" data-id=\"138b7d0\" data-element_type=\"widget\" data-e-type=\"widget\" data-widget_type=\"heading.default\">\n\t\t\t\t<div class=\"elementor-widget-container\">\n\t\t\t\t\t<h5 class=\"elementor-heading-title elementor-size-default\">L'assurance sur mesure !<\/h5>\t\t\t\t<\/div>\n\t\t\t\t<\/div>\n\t\t\t\t<section class=\"elementor-section elementor-inner-section elementor-element elementor-element-701c416 elementor-section-boxed elementor-section-height-default elementor-section-height-default\" data-id=\"701c416\" data-element_type=\"section\" data-e-type=\"section\">\n\t\t\t\t\t\t<div class=\"elementor-container elementor-column-gap-default\">\n\t\t\t\t\t<div class=\"elementor-column elementor-col-50 elementor-inner-column elementor-element elementor-element-6b2aaee\" data-id=\"6b2aaee\" data-element_type=\"column\" data-e-type=\"column\" data-settings=\"{&quot;background_background&quot;:&quot;classic&quot;}\">\n\t\t\t<div class=\"elementor-widget-wrap elementor-element-populated\">\n\t\t\t\t\t\t<div class=\"elementor-element elementor-element-69efdee elementor-widget elementor-widget-heading\" data-id=\"69efdee\" data-element_type=\"widget\" data-e-type=\"widget\" data-widget_type=\"heading.default\">\n\t\t\t\t<div class=\"elementor-widget-container\">\n\t\t\t\t\t<h2 class=\"elementor-heading-title elementor-size-default\">Estimation express<\/h2>\t\t\t\t<\/div>\n\t\t\t\t<\/div>\n\t\t\t\t<div class=\"elementor-element elementor-element-3b8e247 elementor-widget elementor-widget-text-editor\" data-id=\"3b8e247\" data-element_type=\"widget\" data-e-type=\"widget\" data-widget_type=\"text-editor.default\">\n\t\t\t\t<div class=\"elementor-widget-container\">\n\t\t\t\t\t\t\t\t\t<p class=\"p1\">+\u00a0 Large choix d&#8217;activit\u00e9s accept\u00e9es !<br \/>+ Solutions pour r\u00e9sili\u00e9s sinistres ou non-paiement<br \/>+ Attestation d&#8217;assurance d\u00e9livr\u00e9e imm\u00e9diatement<br \/>Nous contacter par t\u00e9l\u00e9phone. Tarifs en quelques minutes.<\/p>\t\t\t\t\t\t\t\t<\/div>\n\t\t\t\t<\/div>\n\t\t\t\t<div class=\"elementor-element elementor-element-5bd66b6 elementor-align-center elementor-widget elementor-widget-button\" data-id=\"5bd66b6\" data-element_type=\"widget\" data-e-type=\"widget\" data-widget_type=\"button.default\">\n\t\t\t\t<div class=\"elementor-widget-container\">\n\t\t\t\t\t\t\t\t\t<div class=\"elementor-button-wrapper\">\n\t\t\t\t\t<a class=\"elementor-button elementor-button-link elementor-size-xs\" href=\"https:\/\/muranoassurances.fr\/index.php\/contact\/\">\n\t\t\t\t\t\t<span class=\"elementor-button-content-wrapper\">\n\t\t\t\t\t\t\t\t\t<span class=\"elementor-button-text\">CONTACTEZ-NOUS<\/span>\n\t\t\t\t\t<\/span>\n\t\t\t\t\t<\/a>\n\t\t\t\t<\/div>\n\t\t\t\t\t\t\t\t<\/div>\n\t\t\t\t<\/div>\n\t\t\t\t<div class=\"elementor-element elementor-element-4fd70c1 elementor-widget elementor-widget-heading\" data-id=\"4fd70c1\" data-element_type=\"widget\" data-e-type=\"widget\" data-widget_type=\"heading.default\">\n\t\t\t\t<div class=\"elementor-widget-container\">\n\t\t\t\t\t<p class=\"elementor-heading-title elementor-size-default\">Devis gratuit : 01 55 86 09 14<\/p>\t\t\t\t<\/div>\n\t\t\t\t<\/div>\n\t\t\t\t\t<\/div>\n\t\t<\/div>\n\t\t\t\t<div class=\"elementor-column elementor-col-50 elementor-inner-column elementor-element elementor-element-42519ed\" data-id=\"42519ed\" data-element_type=\"column\" data-e-type=\"column\">\n\t\t\t<div class=\"elementor-widget-wrap elementor-element-populated\">\n\t\t\t\t\t\t<div class=\"elementor-element elementor-element-825481a elementor-widget elementor-widget-text-editor\" data-id=\"825481a\" data-element_type=\"widget\" data-e-type=\"widget\" data-widget_type=\"text-editor.default\">\n\t\t\t\t<div class=\"elementor-widget-container\">\n\t\t\t\t\t\t\t\t\t<p><strong>Le + Murano assurances :<\/strong><br \/>&#8211; Couvert en <strong>5 minutes<\/strong> avec attestation !<br \/>&#8211; Souscription <strong>100% en ligne<\/strong> ou en agence avec <strong>signature \u00e9lectronique<\/strong>.<br \/>&#8211; <strong>Un conseiller \u00e0 votre disposition<\/strong> pour vous guider dans le parcours de souscription.<\/p>\t\t\t\t\t\t\t\t<\/div>\n\t\t\t\t<\/div>\n\t\t\t\t\t<\/div>\n\t\t<\/div>\n\t\t\t\t\t<\/div>\n\t\t<\/section>\n\t\t\t\t\t<\/div>\n\t\t<\/div>\n\t\t\t\t\t<\/div>\n\t\t<\/section>\n\t\t\t\t<\/div>\n\t\t","protected":false},"excerpt":{"rendered":"<p>PROFESSIONNELS ET ENTREPRISES Assurance commerces \/ boutiques L&#8217;assurance sur mesure ! Estimation express +\u00a0 Large choix d&#8217;activit\u00e9s accept\u00e9es !+ Solutions pour r\u00e9sili\u00e9s sinistres ou non-paiement+ Attestation d&#8217;assurance d\u00e9livr\u00e9e imm\u00e9diatementNous contacter par t\u00e9l\u00e9phone. Tarifs en quelques minutes. CONTACTEZ-NOUS Devis gratuit : 01 55 86 09 14 Le + Murano assurances :&#8211; Couvert en 5 minutes avec [&hellip;]<\/p>\n","protected":false},"author":2,"featured_media":0,"parent":264,"menu_order":0,"comment_status":"closed","ping_status":"closed","template":"","meta":{"footnotes":""},"class_list":["post-272","page","type-page","status-publish","hentry"],"yoast_head":"<!-- This site is optimized with the Yoast SEO plugin v27.4 - https:\/\/yoast.com\/product\/yoast-seo-wordpress\/ -->\n<title>Assurance commerces \/ artisans\u200b - Murano Assurances<\/title>\n<meta name=\"robots\" content=\"index, follow, max-snippet:-1, max-image-preview:large, max-video-preview:-1\" \/>\n<link rel=\"canonical\" href=\"https:\/\/muranoassurances.fr\/index.php\/professionnels-et-entreprises\/pro-mutuelles-sante\/\" \/>\n<meta property=\"og:locale\" content=\"en_US\" \/>\n<meta property=\"og:type\" content=\"article\" \/>\n<meta property=\"og:title\" content=\"Assurance commerces \/ artisans\u200b - Murano Assurances\" \/>\n<meta property=\"og:description\" content=\"PROFESSIONNELS ET ENTREPRISES Assurance commerces \/ boutiques L&#8217;assurance sur mesure ! Estimation express +\u00a0 Large choix d&#8217;activit\u00e9s accept\u00e9es !+ Solutions pour r\u00e9sili\u00e9s sinistres ou non-paiement+ Attestation d&#8217;assurance d\u00e9livr\u00e9e imm\u00e9diatementNous contacter par t\u00e9l\u00e9phone. Tarifs en quelques minutes. CONTACTEZ-NOUS Devis gratuit : 01 55 86 09 14 Le + Murano assurances :&#8211; Couvert en 5 minutes avec [&hellip;]\" \/>\n<meta property=\"og:url\" content=\"https:\/\/muranoassurances.fr\/index.php\/professionnels-et-entreprises\/pro-mutuelles-sante\/\" \/>\n<meta property=\"og:site_name\" content=\"Murano Assurances\" \/>\n<meta property=\"article:modified_time\" content=\"2022-03-12T13:06:14+00:00\" \/>\n<meta name=\"twitter:card\" content=\"summary_large_image\" \/>\n<script type=\"application\/ld+json\" class=\"yoast-schema-graph\">{\"@context\":\"https:\\\/\\\/schema.org\",\"@graph\":[{\"@type\":\"WebPage\",\"@id\":\"https:\\\/\\\/muranoassurances.fr\\\/index.php\\\/professionnels-et-entreprises\\\/pro-mutuelles-sante\\\/\",\"url\":\"https:\\\/\\\/muranoassurances.fr\\\/index.php\\\/professionnels-et-entreprises\\\/pro-mutuelles-sante\\\/\",\"name\":\"Assurance commerces \\\/ artisans\u200b - Murano Assurances\",\"isPartOf\":{\"@id\":\"https:\\\/\\\/muranoassurances.fr\\\/#website\"},\"datePublished\":\"2021-12-05T14:20:43+00:00\",\"dateModified\":\"2022-03-12T13:06:14+00:00\",\"breadcrumb\":{\"@id\":\"https:\\\/\\\/muranoassurances.fr\\\/index.php\\\/professionnels-et-entreprises\\\/pro-mutuelles-sante\\\/#breadcrumb\"},\"inLanguage\":\"en-US\",\"potentialAction\":[{\"@type\":\"ReadAction\",\"target\":[\"https:\\\/\\\/muranoassurances.fr\\\/index.php\\\/professionnels-et-entreprises\\\/pro-mutuelles-sante\\\/\"]}]},{\"@type\":\"BreadcrumbList\",\"@id\":\"https:\\\/\\\/muranoassurances.fr\\\/index.php\\\/professionnels-et-entreprises\\\/pro-mutuelles-sante\\\/#breadcrumb\",\"itemListElement\":[{\"@type\":\"ListItem\",\"position\":1,\"name\":\"Accueil\",\"item\":\"https:\\\/\\\/muranoassurances.fr\\\/\"},{\"@type\":\"ListItem\",\"position\":2,\"name\":\"Professionnels et entreprises\",\"item\":\"https:\\\/\\\/muranoassurances.fr\\\/index.php\\\/professionnels-et-entreprises\\\/\"},{\"@type\":\"ListItem\",\"position\":3,\"name\":\"Assurance commerces \\\/ artisans\u200b\"}]},{\"@type\":\"WebSite\",\"@id\":\"https:\\\/\\\/muranoassurances.fr\\\/#website\",\"url\":\"https:\\\/\\\/muranoassurances.fr\\\/\",\"name\":\"Murano Assurances\",\"description\":\"Courtier en assurance et mutuelle sant\u00e9 | Paris et Ile-de-France\",\"publisher\":{\"@id\":\"https:\\\/\\\/muranoassurances.fr\\\/#organization\"},\"potentialAction\":[{\"@type\":\"SearchAction\",\"target\":{\"@type\":\"EntryPoint\",\"urlTemplate\":\"https:\\\/\\\/muranoassurances.fr\\\/?s={search_term_string}\"},\"query-input\":{\"@type\":\"PropertyValueSpecification\",\"valueRequired\":true,\"valueName\":\"search_term_string\"}}],\"inLanguage\":\"en-US\"},{\"@type\":\"Organization\",\"@id\":\"https:\\\/\\\/muranoassurances.fr\\\/#organization\",\"name\":\"Murano assurances\",\"url\":\"https:\\\/\\\/muranoassurances.fr\\\/\",\"logo\":{\"@type\":\"ImageObject\",\"inLanguage\":\"en-US\",\"@id\":\"https:\\\/\\\/muranoassurances.fr\\\/#\\\/schema\\\/logo\\\/image\\\/\",\"url\":\"https:\\\/\\\/muranoassurances.fr\\\/wp-content\\\/uploads\\\/2021\\\/12\\\/Plan-de-travail-1.png\",\"contentUrl\":\"https:\\\/\\\/muranoassurances.fr\\\/wp-content\\\/uploads\\\/2021\\\/12\\\/Plan-de-travail-1.png\",\"width\":4472,\"height\":476,\"caption\":\"Murano assurances\"},\"image\":{\"@id\":\"https:\\\/\\\/muranoassurances.fr\\\/#\\\/schema\\\/logo\\\/image\\\/\"}}]}<\/script>\n<!-- \/ Yoast SEO plugin. -->","yoast_head_json":{"title":"Assurance commerces \/ artisans\u200b - Murano Assurances","robots":{"index":"index","follow":"follow","max-snippet":"max-snippet:-1","max-image-preview":"max-image-preview:large","max-video-preview":"max-video-preview:-1"},"canonical":"https:\/\/muranoassurances.fr\/index.php\/professionnels-et-entreprises\/pro-mutuelles-sante\/","og_locale":"en_US","og_type":"article","og_title":"Assurance commerces \/ artisans\u200b - Murano Assurances","og_description":"PROFESSIONNELS ET ENTREPRISES Assurance commerces \/ boutiques L&#8217;assurance sur mesure ! Estimation express +\u00a0 Large choix d&#8217;activit\u00e9s accept\u00e9es !+ Solutions pour r\u00e9sili\u00e9s sinistres ou non-paiement+ Attestation d&#8217;assurance d\u00e9livr\u00e9e imm\u00e9diatementNous contacter par t\u00e9l\u00e9phone. Tarifs en quelques minutes. CONTACTEZ-NOUS Devis gratuit : 01 55 86 09 14 Le + Murano assurances :&#8211; Couvert en 5 minutes avec [&hellip;]","og_url":"https:\/\/muranoassurances.fr\/index.php\/professionnels-et-entreprises\/pro-mutuelles-sante\/","og_site_name":"Murano Assurances","article_modified_time":"2022-03-12T13:06:14+00:00","twitter_card":"summary_large_image","schema":{"@context":"https:\/\/schema.org","@graph":[{"@type":"WebPage","@id":"https:\/\/muranoassurances.fr\/index.php\/professionnels-et-entreprises\/pro-mutuelles-sante\/","url":"https:\/\/muranoassurances.fr\/index.php\/professionnels-et-entreprises\/pro-mutuelles-sante\/","name":"Assurance commerces \/ artisans\u200b - Murano Assurances","isPartOf":{"@id":"https:\/\/muranoassurances.fr\/#website"},"datePublished":"2021-12-05T14:20:43+00:00","dateModified":"2022-03-12T13:06:14+00:00","breadcrumb":{"@id":"https:\/\/muranoassurances.fr\/index.php\/professionnels-et-entreprises\/pro-mutuelles-sante\/#breadcrumb"},"inLanguage":"en-US","potentialAction":[{"@type":"ReadAction","target":["https:\/\/muranoassurances.fr\/index.php\/professionnels-et-entreprises\/pro-mutuelles-sante\/"]}]},{"@type":"BreadcrumbList","@id":"https:\/\/muranoassurances.fr\/index.php\/professionnels-et-entreprises\/pro-mutuelles-sante\/#breadcrumb","itemListElement":[{"@type":"ListItem","position":1,"name":"Accueil","item":"https:\/\/muranoassurances.fr\/"},{"@type":"ListItem","position":2,"name":"Professionnels et entreprises","item":"https:\/\/muranoassurances.fr\/index.php\/professionnels-et-entreprises\/"},{"@type":"ListItem","position":3,"name":"Assurance commerces \/ artisans\u200b"}]},{"@type":"WebSite","@id":"https:\/\/muranoassurances.fr\/#website","url":"https:\/\/muranoassurances.fr\/","name":"Murano Assurances","description":"Courtier en assurance et mutuelle sant\u00e9 | Paris et Ile-de-France","publisher":{"@id":"https:\/\/muranoassurances.fr\/#organization"},"potentialAction":[{"@type":"SearchAction","target":{"@type":"EntryPoint","urlTemplate":"https:\/\/muranoassurances.fr\/?s={search_term_string}"},"query-input":{"@type":"PropertyValueSpecification","valueRequired":true,"valueName":"search_term_string"}}],"inLanguage":"en-US"},{"@type":"Organization","@id":"https:\/\/muranoassurances.fr\/#organization","name":"Murano assurances","url":"https:\/\/muranoassurances.fr\/","logo":{"@type":"ImageObject","inLanguage":"en-US","@id":"https:\/\/muranoassurances.fr\/#\/schema\/logo\/image\/","url":"https:\/\/muranoassurances.fr\/wp-content\/uploads\/2021\/12\/Plan-de-travail-1.png","contentUrl":"https:\/\/muranoassurances.fr\/wp-content\/uploads\/2021\/12\/Plan-de-travail-1.png","width":4472,"height":476,"caption":"Murano assurances"},"image":{"@id":"https:\/\/muranoassurances.fr\/#\/schema\/logo\/image\/"}}]}},"_links":{"self":[{"href":"https:\/\/muranoassurances.fr\/index.php\/wp-json\/wp\/v2\/pages\/272","targetHints":{"allow":["GET"]}}],"collection":[{"href":"https:\/\/muranoassurances.fr\/index.php\/wp-json\/wp\/v2\/pages"}],"about":[{"href":"https:\/\/muranoassurances.fr\/index.php\/wp-json\/wp\/v2\/types\/page"}],"author":[{"embeddable":true,"href":"https:\/\/muranoassurances.fr\/index.php\/wp-json\/wp\/v2\/users\/2"}],"replies":[{"embeddable":true,"href":"https:\/\/muranoassurances.fr\/index.php\/wp-json\/wp\/v2\/comments?post=272"}],"version-history":[{"count":31,"href":"https:\/\/muranoassurances.fr\/index.php\/wp-json\/wp\/v2\/pages\/272\/revisions"}],"predecessor-version":[{"id":1148,"href":"https:\/\/muranoassurances.fr\/index.php\/wp-json\/wp\/v2\/pages\/272\/revisions\/1148"}],"up":[{"embeddable":true,"href":"https:\/\/muranoassurances.fr\/index.php\/wp-json\/wp\/v2\/pages\/264"}],"wp:attachment":[{"href":"https:\/\/muranoassurances.fr\/index.php\/wp-json\/wp\/v2\/media?parent=272"}],"curies":[{"name":"wp","href":"https:\/\/api.w.org\/{rel}","templated":true}]}}